{"id":1502,"date":"2017-03-23T07:37:25","date_gmt":"2017-03-23T07:37:25","guid":{"rendered":"http:\/\/demo.awethemes.com\/fleurdesel\/?page_id=113"},"modified":"2022-07-01T09:08:04","modified_gmt":"2022-07-01T07:08:04","slug":"golf-2","status":"publish","type":"page","link":"https:\/\/maison-huron-gite.fr\/?page_id=1502","title":{"rendered":"Le G\u00eete Maison Huron"},"content":{"rendered":"<p>[vc_row][vc_column offset=\u00a0\u00bbvc_col-lg-offset-2 vc_col-lg-8 vc_col-md-offset-2 vc_col-md-8&Prime;][fleurdesel_heading title_size=\u00a0\u00bbDefault\u00a0\u00bb align=\u00a0\u00bbcenter\u00a0\u00bb title=\u00a0\u00bbPo\u00e9sie champ\u00eatre pour cette maison familiale\u00a0\u00bb subtitle=\u00a0\u00bbAU COEUR DES LANDES\u00a0\u00bb css=\u00a0\u00bb.vc_custom_1652484900660{margin-bottom: 40px !important;padding-top: 100px !important;}\u00a0\u00bb][vc_column_text css=\u00a0\u00bb.vc_custom_1652484961730{margin-bottom: 90px !important;padding-right: 30px !important;padding-left: 30px !important;}\u00a0\u00bb]<\/p>\n<p class=\"font-500 fz-20 text-center\">s&rsquo;inventant une nouvelle vie, au confort certain \u00e0 seulement 13 Km d&rsquo;Eug\u00e9nie les bains<\/p>\n<p>[\/vc_column_text][\/vc_column][\/vc_row][vc_row css=\u00a0\u00bb.vc_custom_1491215321364{margin-bottom: 50px !important;}\u00a0\u00bb][vc_column][vc_single_image image=\u00a0\u00bb1764&Prime; img_size=\u00a0\u00bbfull\u00a0\u00bb alignment=\u00a0\u00bbcenter\u00a0\u00bb][\/vc_column][\/vc_row][vc_row css=\u00a0\u00bb.vc_custom_1491215365578{margin-bottom: 140px !important;}\u00a0\u00bb][vc_column offset=\u00a0\u00bbvc_col-lg-offset-1 vc_col-lg-10 vc_col-md-offset-1 vc_col-md-10&Prime;][vc_column_text]<\/p>\n<p style=\"text-align: center;\">La maison Huron est une ancienne demeure familiale am\u00e9nag\u00e9e en rez de chauss\u00e9e et en \u00e9tage, qui vous garantit un vrai retour aux valeurs et aux traditions. Aujourd\u2019hui elle s\u2019invente une nouvelle jeunesse et sera votre nouvelle destination vacances, pour Vous et votre famille, vos amis. En effet, elle peut accueillir 14 personnes. et dispose en plus d\u2019une piscine privative chauff\u00e9e avec vue sur la campagne.<\/p>\n<p>[\/vc_column_text][\/vc_column][\/vc_row][vc_section css=\u00a0\u00bb.vc_custom_1491293765601{padding-bottom: 120px !important;}\u00a0\u00bb][vc_row content_placement=\u00a0\u00bbmiddle\u00a0\u00bb][vc_column offset=\u00a0\u00bbvc_col-lg-6 vc_col-md-6&Prime; el_class=\u00a0\u00bbpr-md-0&Prime;][vc_single_image image=\u00a0\u00bb1620&Prime; img_size=\u00a0\u00bbfull\u00a0\u00bb alignment=\u00a0\u00bbcenter\u00a0\u00bb el_class=\u00a0\u00bbpr-md-0&Prime;][\/vc_column][vc_column offset=\u00a0\u00bbvc_col-lg-6 vc_col-md-6&Prime;][vc_column_text css=\u00a0\u00bb.vc_custom_1654026595073{padding-top: 30px !important;padding-right: 65px !important;padding-bottom: 30px !important;padding-left: 65px !important;}\u00a0\u00bb]<\/p>\n<h3 style=\"text-align: center;\">Bienvenue<\/h3>\n<p>[\/vc_column_text][\/vc_column][\/vc_row][vc_row content_placement=\u00a0\u00bbmiddle\u00a0\u00bb][vc_column offset=\u00a0\u00bbvc_col-lg-6 vc_col-md-6&Prime; el_class=\u00a0\u00bbpush-lg-6 pl-md-0&Prime;][vc_images_carousel images=\u00a0\u00bb2033,2034,2035,2143,2144&Prime; img_size=\u00a0\u00bbfull\u00a0\u00bb][\/vc_column][vc_column offset=\u00a0\u00bbvc_col-lg-6 vc_col-md-6&Prime; el_class=\u00a0\u00bbpull-lg-6&Prime;][vc_column_text css=\u00a0\u00bb.vc_custom_1654026911638{padding-top: 30px !important;padding-right: 65px !important;padding-bottom: 30px !important;padding-left: 65px !important;}\u00a0\u00bb]<\/p>\n<h3 style=\"text-align: center;\">Cuisine<\/h3>\n<p style=\"text-align: center; padding-top: 40px;\">Une cuisine ouverte tr\u00e8s accueillante et enti\u00e8rement \u00e9quip\u00e9e<\/p>\n<p>[\/vc_column_text][\/vc_column][\/vc_row][vc_row content_placement=\u00a0\u00bbmiddle\u00a0\u00bb][vc_column offset=\u00a0\u00bbvc_col-lg-6 vc_col-md-6&Prime; el_class=\u00a0\u00bbpr-md-0&Prime;][vc_images_carousel images=\u00a0\u00bb1622,2056,2055&Prime; img_size=\u00a0\u00bbfull\u00a0\u00bb][\/vc_column][vc_column offset=\u00a0\u00bbvc_col-lg-6 vc_col-md-6&Prime;][vc_column_text css=\u00a0\u00bb.vc_custom_1654026905501{padding-top: 30px !important;padding-right: 65px !important;padding-bottom: 30px !important;padding-left: 65px !important;}\u00a0\u00bb]<\/p>\n<h3 style=\"text-align: center;\">Salle \u00e0 manger<\/h3>\n<p style=\"text-align: center; padding-top: 40px;\">La Salle \u00e0 Manger est ouverte sur le salon et la cuisine avec une grande table pouvant recevoir plus de 14 personnes<\/p>\n<p>[\/vc_column_text][\/vc_column][\/vc_row][vc_row content_placement=\u00a0\u00bbmiddle\u00a0\u00bb][vc_column offset=\u00a0\u00bbvc_col-lg-6 vc_col-md-6&Prime; el_class=\u00a0\u00bbpush-lg-6 pl-md-0&Prime;][vc_images_carousel images=\u00a0\u00bb2026,2027&Prime; img_size=\u00a0\u00bbfull\u00a0\u00bb][\/vc_column][vc_column offset=\u00a0\u00bbvc_col-lg-6 vc_col-md-6&Prime; el_class=\u00a0\u00bbpull-lg-6&Prime;][vc_column_text css=\u00a0\u00bb.vc_custom_1654171417590{padding-top: 30px !important;padding-right: 65px !important;padding-bottom: 30px !important;padding-left: 65px !important;}\u00a0\u00bb]<\/p>\n<h3 style=\"text-align: center;\">Salon<\/h3>\n<div class=\"page\" title=\"Page 1\">\n<div class=\"layoutArea\">\n<div class=\"column\">\n<p style=\"text-align: center;\">Salon ame\u0301nage\u0301 avec 2 canape\u0301s 3 places et fauteuils.<br \/>\nCoin t\u00e9le\u0301vision.<\/p>\n<\/div>\n<\/div>\n<\/div>\n<p>[\/vc_column_text][\/vc_column][\/vc_row][vc_row content_placement=\u00a0\u00bbmiddle\u00a0\u00bb][vc_column offset=\u00a0\u00bbvc_col-lg-6 vc_col-md-6&Prime; el_class=\u00a0\u00bbpr-md-0&Prime;][vc_images_carousel images=\u00a0\u00bb1634,2061,2167&Prime; img_size=\u00a0\u00bbfull\u00a0\u00bb][\/vc_column][vc_column offset=\u00a0\u00bbvc_col-lg-6 vc_col-md-6&Prime;][vc_column_text css=\u00a0\u00bb.vc_custom_1654121471415{padding-top: 30px !important;padding-right: 65px !important;padding-bottom: 30px !important;padding-left: 65px !important;}\u00a0\u00bb]<\/p>\n<h3 style=\"text-align: center;\">Chambre Emma<\/h3>\n<p style=\"text-align: center; padding-top: 40px;\">Chambre en rez de chausse\u0301e de 18.30m2<br \/>\n&#8211; 1 couchage 160x200cm<br \/>\n&#8211; Armoire de rangement<br \/>\n&#8211; Bureau avec chaise<br \/>\n&#8211; Salle d&rsquo;eau privative de 5,4m2 avec douche \u00e0 l&rsquo;italienne (\u00e9quip\u00e9e d&rsquo;une barre et d&rsquo;un si\u00e8ge) et d&rsquo;un wc<\/p>\n<p style=\"text-align: center;\"><em>Accueil PMR possible (personne \u00e0 mobilit\u00e9 r\u00e9duite)<\/em><\/p>\n<p>[\/vc_column_text][\/vc_column][\/vc_row][vc_row content_placement=\u00a0\u00bbmiddle\u00a0\u00bb][vc_column offset=\u00a0\u00bbvc_col-lg-6 vc_col-md-6&Prime; el_class=\u00a0\u00bbpush-lg-6 pl-md-0&Prime;][vc_images_carousel images=\u00a0\u00bb1930,2063&Prime; img_size=\u00a0\u00bbfull\u00a0\u00bb][\/vc_column][vc_column offset=\u00a0\u00bbvc_col-lg-6 vc_col-md-6&Prime; el_class=\u00a0\u00bbpull-lg-6&Prime;][vc_column_text css=\u00a0\u00bb.vc_custom_1654033752531{padding-top: 30px !important;padding-right: 65px !important;padding-bottom: 30px !important;padding-left: 65px !important;}\u00a0\u00bb]<\/p>\n<h3 style=\"text-align: center;\">L&rsquo;\u00e9tage<\/h3>\n<p>[\/vc_column_text][\/vc_column][\/vc_row][vc_row content_placement=\u00a0\u00bbmiddle\u00a0\u00bb][vc_column offset=\u00a0\u00bbvc_col-lg-6 vc_col-md-6&Prime; el_class=\u00a0\u00bbpr-md-0&Prime;][vc_images_carousel images=\u00a0\u00bb2068,1932&Prime; img_size=\u00a0\u00bbfull\u00a0\u00bb][\/vc_column][vc_column offset=\u00a0\u00bbvc_col-lg-6 vc_col-md-6&Prime;][vc_column_text css=\u00a0\u00bb.vc_custom_1654121510677{padding-top: 30px !important;padding-right: 65px !important;padding-bottom: 30px !important;padding-left: 65px !important;}\u00a0\u00bb]<\/p>\n<h3 style=\"text-align: center;\">Chambre Danielle<\/h3>\n<p style=\"text-align: center; padding-top: 40px;\">Chambre \u00e0 l&rsquo;\u00e9tage de 16m2<br \/>\n&#8211; 1 couchage 160x200cm<br \/>\n\u2013 Armoire de rangement<br \/>\n\u2013 Bureau avec chaise<u><\/u>[\/vc_column_text][\/vc_column][\/vc_row][vc_row content_placement=\u00a0\u00bbmiddle\u00a0\u00bb][vc_column offset=\u00a0\u00bbvc_col-lg-6 vc_col-md-6&Prime; el_class=\u00a0\u00bbpush-lg-6 pl-md-0&Prime;][vc_images_carousel images=\u00a0\u00bb2075,2076&Prime; img_size=\u00a0\u00bbfull\u00a0\u00bb][\/vc_column][vc_column offset=\u00a0\u00bbvc_col-lg-6 vc_col-md-6&Prime; el_class=\u00a0\u00bbpull-lg-6&Prime;][vc_column_text css=\u00a0\u00bb.vc_custom_1654121574398{padding-top: 30px !important;padding-right: 65px !important;padding-bottom: 30px !important;padding-left: 65px !important;}\u00a0\u00bb]<\/p>\n<h3 style=\"text-align: center;\">Chambre Nicole<\/h3>\n<p style=\"text-align: center; padding-top: 40px;\">Chambre \u00e0 l&rsquo;\u00e9tage de 16m2<br \/>\n&#8211; 1 couchage 160x200cm<br \/>\n\u2013 Armoire de rangement<br \/>\n\u2013 Coiffeuse-bureau avec chaise<br \/>\n&#8211; Lit enfant \u00e0 barreaux[\/vc_column_text][\/vc_column][\/vc_row][vc_row content_placement=\u00a0\u00bbmiddle\u00a0\u00bb][vc_column offset=\u00a0\u00bbvc_col-lg-6 vc_col-md-6&Prime; el_class=\u00a0\u00bbpr-md-0&Prime;][vc_images_carousel images=\u00a0\u00bb2088,2089,2087&Prime; img_size=\u00a0\u00bbfull\u00a0\u00bb][\/vc_column][vc_column offset=\u00a0\u00bbvc_col-lg-6 vc_col-md-6&Prime;][vc_column_text css=\u00a0\u00bb.vc_custom_1654171466532{padding-top: 30px !important;padding-right: 65px !important;padding-bottom: 30px !important;padding-left: 65px !important;}\u00a0\u00bb]<\/p>\n<h3 style=\"text-align: center;\">Chambre Ang\u00e8le<\/h3>\n<p style=\"text-align: center; padding-top: 40px;\">Chambre \u00e0 l\u2019\u00e9tage de 14.8m2<br \/>\n\u2013 1 couchage 160x200cm<br \/>\n\u2013 Armoire de rangement<br \/>\n&#8211; Salle d&rsquo;eau &amp; WC privatifs de 6.8m2[\/vc_column_text][\/vc_column][\/vc_row][vc_row content_placement=\u00a0\u00bbmiddle\u00a0\u00bb][vc_column offset=\u00a0\u00bbvc_col-lg-6 vc_col-md-6&Prime; el_class=\u00a0\u00bbpush-lg-6 pl-md-0&Prime;][vc_images_carousel images=\u00a0\u00bb1936,2080,2084,2082&Prime; img_size=\u00a0\u00bbfull\u00a0\u00bb][\/vc_column][vc_column offset=\u00a0\u00bbvc_col-lg-6 vc_col-md-6&Prime; el_class=\u00a0\u00bbpull-lg-6&Prime;][vc_column_text css=\u00a0\u00bb.vc_custom_1654171473835{padding-top: 30px !important;padding-right: 65px !important;padding-bottom: 30px !important;padding-left: 65px !important;}\u00a0\u00bb]<\/p>\n<h3 style=\"text-align: center;\">Chambre Aline<\/h3>\n<p style=\"text-align: center; padding-top: 40px;\">Chambre \u00e0 l\u2019\u00e9tage de 14.8m2<br \/>\n\u2013 1 couchage 160x200cm<br \/>\n\u2013 Armoire de rangement<br \/>\n\u2013 Salle d\u2019eau &amp; WC privatifs de 6.8m2[\/vc_column_text][\/vc_column][\/vc_row][vc_row content_placement=\u00a0\u00bbmiddle\u00a0\u00bb][vc_column offset=\u00a0\u00bbvc_col-lg-6 vc_col-md-6&Prime; el_class=\u00a0\u00bbpr-md-0&Prime;][vc_images_carousel images=\u00a0\u00bb1940,2092&Prime; img_size=\u00a0\u00bbfull\u00a0\u00bb][\/vc_column][vc_column offset=\u00a0\u00bbvc_col-lg-6 vc_col-md-6&Prime;][vc_column_text css=\u00a0\u00bb.vc_custom_1654123095894{padding-top: 30px !important;padding-right: 65px !important;padding-bottom: 30px !important;padding-left: 65px !important;}\u00a0\u00bb]<\/p>\n<h3 style=\"text-align: center;\">Le Dortoir<\/h3>\n<p style=\"text-align: center; padding-top: 40px;\">Chambre \u00e0 l&rsquo;\u00e9tage de 19,75m2<br \/>\n&#8211; 4 couchages 90x190cm<u><\/u><br \/>\n<u><\/u><u><\/u>&#8211; Armoire de rangement[\/vc_column_text][\/vc_column][\/vc_row][vc_row content_placement=\u00a0\u00bbmiddle\u00a0\u00bb][vc_column offset=\u00a0\u00bbvc_col-lg-6 vc_col-md-6&Prime; el_class=\u00a0\u00bbpush-lg-6 pl-md-0&Prime;][vc_images_carousel images=\u00a0\u00bb2094,2095&Prime; img_size=\u00a0\u00bbfull\u00a0\u00bb][\/vc_column][vc_column offset=\u00a0\u00bbvc_col-lg-6 vc_col-md-6&Prime; el_class=\u00a0\u00bbpull-lg-6&Prime;][vc_column_text css=\u00a0\u00bb.vc_custom_1654171504065{padding-top: 30px !important;padding-right: 65px !important;padding-bottom: 30px !important;padding-left: 65px !important;}\u00a0\u00bb]<\/p>\n<h3 style=\"text-align: center;\">Salle d&rsquo;eau &amp; WC<\/h3>\n<p style=\"text-align: center; padding-top: 40px;\">Salle de bain \u00e0 l&rsquo;\u00e9tage de 8.5m2<br \/>\n\u2013 Baignoire<br \/>\n\u2013 Douche<br \/>\n\u2013 Double vasque<br \/>\n\u2013 WC ind\u00e9pendant avec lave mains[\/vc_column_text][\/vc_column][\/vc_row][\/vc_section][vc_section css=\u00a0\u00bb.vc_custom_1491294868446{padding-bottom: 120px !important;}\u00a0\u00bb][vc_row css=\u00a0\u00bb.vc_custom_1491294289193{padding-bottom: 100px !important;}\u00a0\u00bb][vc_column offset=\u00a0\u00bbvc_col-lg-offset-2 vc_col-lg-8 vc_col-md-offset-2 vc_col-md-8&Prime;][fleurdesel_heading title_size=\u00a0\u00bbDefault\u00a0\u00bb align=\u00a0\u00bbcenter\u00a0\u00bb title=\u00a0\u00bbPendant votre s\u00e9jour\u00a0\u00bb subtitle=\u00a0\u00bbSERVICES ET \u00c9QUIPEMENTS\u00a0\u00bb][\/vc_column][\/vc_row][vc_row][vc_column][vc_column_text]Enfin n\u2019oublions pas nos classiques : piscine chauff\u00e9e avec terrasse avec mobilier de jardin et plancha, un terrain de <strong>p\u00e9tanque<\/strong>, une\u00a0<strong>salle de jeux et de Sport<\/strong> avec avec ping pong, babyfoot, fl\u00eachettes, tapis de marche, v\u00e9lo, rameur..[\/vc_column_text][vc_empty_space][vc_images_carousel images=\u00a0\u00bb2097,2098,2172,2173,2174,2175,2176,2170,2171,1971,1972&Prime; img_size=\u00a0\u00bbfull\u00a0\u00bb][\/vc_column][\/vc_row][vc_row][vc_column][vc_empty_space height=\u00a0\u00bb100px\u00a0\u00bb][vc_single_image image=\u00a0\u00bb2179&Prime; img_size=\u00a0\u00bbmedium\u00a0\u00bb alignment=\u00a0\u00bbcenter\u00a0\u00bb][\/vc_column][\/vc_row][\/vc_section]<\/p>\n","protected":false},"excerpt":{"rendered":"<p>[vc_row][vc_column offset=\u00a0\u00bbvc_col-lg-offset-2 vc_col-lg-8 vc_col-md-offset-2 vc_col-md-8&Prime;][fleurdesel_heading title_size=\u00a0\u00bbDefault\u00a0\u00bb align=\u00a0\u00bbcenter\u00a0\u00bb title=\u00a0\u00bbPo\u00e9sie champ\u00eatre pour cette maison familiale\u00a0\u00bb subtitle=\u00a0\u00bbAU COEUR DES LANDES\u00a0\u00bb css=\u00a0\u00bb.vc_custom_1652484900660{margin-bottom: 40px !important;padding-top: 100px !important;}\u00a0\u00bb][vc_column_text css=\u00a0\u00bb.vc_custom_1652484961730{margin-bottom: 90px !important;padding-right: 30px !important;padding-left: 30px !important;}\u00a0\u00bb] s&rsquo;inventant une nouvelle vie, au confort certain \u00e0 seulement 13 Km d&rsquo;Eug\u00e9nie les bains [\/vc_column_text][\/vc_column][\/vc_row][vc_row css=\u00a0\u00bb.vc_custom_1491215321364{margin-bottom: 50px !important;}\u00a0\u00bb][vc_column][vc_single_image image=\u00a0\u00bb1764&Prime; img_size=\u00a0\u00bbfull\u00a0\u00bb alignment=\u00a0\u00bbcenter\u00a0\u00bb][\/vc_column][\/vc_row][vc_row css=\u00a0\u00bb.vc_custom_1491215365578{margin-bottom: 140px !important;}\u00a0\u00bb][vc_column offset=\u00a0\u00bbvc_col-lg-offset-1 vc_col-lg-10 [&hellip;]<\/p>\n","protected":false},"author":1,"featured_media":0,"parent":0,"menu_order":0,"comment_status":"closed","ping_status":"closed","template":"templates\/page-builder.php","meta":{"_monsterinsights_skip_tracking":false,"_monsterinsights_sitenote_active":false,"_monsterinsights_sitenote_note":"","_monsterinsights_sitenote_category":0,"footnotes":""},"class_list":["post-1502","page","type-page","status-publish","hentry"],"yoast_head":"<!-- This site is optimized with the Yoast SEO plugin v26.6 - https:\/\/yoast.com\/wordpress\/plugins\/seo\/ -->\n<title>Le G\u00eete Maison Huron - Maison Huron - G\u00eete Landes<\/title>\n<meta name=\"robots\" content=\"index, follow, max-snippet:-1, max-image-preview:large, max-video-preview:-1\" \/>\n<link rel=\"canonical\" href=\"https:\/\/maison-huron-gite.fr\/?page_id=1502\" \/>\n<meta property=\"og:locale\" content=\"fr_FR\" \/>\n<meta property=\"og:type\" content=\"article\" \/>\n<meta property=\"og:title\" content=\"Le G\u00eete Maison Huron - Maison Huron - G\u00eete Landes\" \/>\n<meta property=\"og:description\" content=\"[vc_row][vc_column offset=\u00a0\u00bbvc_col-lg-offset-2 vc_col-lg-8 vc_col-md-offset-2 vc_col-md-8&Prime;][fleurdesel_heading title_size=\u00a0\u00bbDefault\u00a0\u00bb align=\u00a0\u00bbcenter\u00a0\u00bb title=\u00a0\u00bbPo\u00e9sie champ\u00eatre pour cette maison familiale\u00a0\u00bb subtitle=\u00a0\u00bbAU COEUR DES LANDES\u00a0\u00bb css=\u00a0\u00bb.vc_custom_1652484900660{margin-bottom: 40px !important;padding-top: 100px !important;}\u00a0\u00bb][vc_column_text css=\u00a0\u00bb.vc_custom_1652484961730{margin-bottom: 90px !important;padding-right: 30px !important;padding-left: 30px !important;}\u00a0\u00bb] s&rsquo;inventant une nouvelle vie, au confort certain \u00e0 seulement 13 Km d&rsquo;Eug\u00e9nie les bains [\/vc_column_text][\/vc_column][\/vc_row][vc_row css=\u00a0\u00bb.vc_custom_1491215321364{margin-bottom: 50px !important;}\u00a0\u00bb][vc_column][vc_single_image image=\u00a0\u00bb1764&Prime; img_size=\u00a0\u00bbfull\u00a0\u00bb alignment=\u00a0\u00bbcenter\u00a0\u00bb][\/vc_column][\/vc_row][vc_row css=\u00a0\u00bb.vc_custom_1491215365578{margin-bottom: 140px !important;}\u00a0\u00bb][vc_column offset=\u00a0\u00bbvc_col-lg-offset-1 vc_col-lg-10 [&hellip;]\" \/>\n<meta property=\"og:url\" content=\"https:\/\/maison-huron-gite.fr\/?page_id=1502\" \/>\n<meta property=\"og:site_name\" content=\"Maison Huron - G\u00eete Landes\" \/>\n<meta property=\"article:publisher\" content=\"https:\/\/www.facebook.com\/maisonhuron\" \/>\n<meta property=\"article:modified_time\" content=\"2022-07-01T07:08:04+00:00\" \/>\n<meta name=\"twitter:card\" content=\"summary_large_image\" \/>\n<meta name=\"twitter:label1\" content=\"Dur\u00e9e de lecture estim\u00e9e\" \/>\n\t<meta name=\"twitter:data1\" content=\"6 minutes\" \/>\n<script type=\"application\/ld+json\" class=\"yoast-schema-graph\">{\"@context\":\"https:\/\/schema.org\",\"@graph\":[{\"@type\":\"WebPage\",\"@id\":\"https:\/\/maison-huron-gite.fr\/?page_id=1502\",\"url\":\"https:\/\/maison-huron-gite.fr\/?page_id=1502\",\"name\":\"Le G\u00eete Maison Huron - Maison Huron - G\u00eete Landes\",\"isPartOf\":{\"@id\":\"https:\/\/maison-huron-gite.fr\/#website\"},\"datePublished\":\"2017-03-23T07:37:25+00:00\",\"dateModified\":\"2022-07-01T07:08:04+00:00\",\"breadcrumb\":{\"@id\":\"https:\/\/maison-huron-gite.fr\/?page_id=1502#breadcrumb\"},\"inLanguage\":\"fr-FR\",\"potentialAction\":[{\"@type\":\"ReadAction\",\"target\":[\"https:\/\/maison-huron-gite.fr\/?page_id=1502\"]}]},{\"@type\":\"BreadcrumbList\",\"@id\":\"https:\/\/maison-huron-gite.fr\/?page_id=1502#breadcrumb\",\"itemListElement\":[{\"@type\":\"ListItem\",\"position\":1,\"name\":\"Accueil\",\"item\":\"https:\/\/maison-huron-gite.fr\/\"},{\"@type\":\"ListItem\",\"position\":2,\"name\":\"Le G\u00eete Maison Huron\"}]},{\"@type\":\"WebSite\",\"@id\":\"https:\/\/maison-huron-gite.fr\/#website\",\"url\":\"https:\/\/maison-huron-gite.fr\/\",\"name\":\"Maison Huron - G\u00eete Landes\",\"description\":\"Au coeur des Landes 40\",\"publisher\":{\"@id\":\"https:\/\/maison-huron-gite.fr\/#organization\"},\"potentialAction\":[{\"@type\":\"SearchAction\",\"target\":{\"@type\":\"EntryPoint\",\"urlTemplate\":\"https:\/\/maison-huron-gite.fr\/?s={search_term_string}\"},\"query-input\":{\"@type\":\"PropertyValueSpecification\",\"valueRequired\":true,\"valueName\":\"search_term_string\"}}],\"inLanguage\":\"fr-FR\"},{\"@type\":\"Organization\",\"@id\":\"https:\/\/maison-huron-gite.fr\/#organization\",\"name\":\"Maison Huron\",\"url\":\"https:\/\/maison-huron-gite.fr\/\",\"logo\":{\"@type\":\"ImageObject\",\"inLanguage\":\"fr-FR\",\"@id\":\"https:\/\/maison-huron-gite.fr\/#\/schema\/logo\/image\/\",\"url\":\"https:\/\/maison-huron-gite.fr\/wp-content\/uploads\/2022\/04\/logo-maisonhuron.png\",\"contentUrl\":\"https:\/\/maison-huron-gite.fr\/wp-content\/uploads\/2022\/04\/logo-maisonhuron.png\",\"width\":221,\"height\":60,\"caption\":\"Maison Huron\"},\"image\":{\"@id\":\"https:\/\/maison-huron-gite.fr\/#\/schema\/logo\/image\/\"},\"sameAs\":[\"https:\/\/www.facebook.com\/maisonhuron\"]}]}<\/script>\n<!-- \/ Yoast SEO plugin. -->","yoast_head_json":{"title":"Le G\u00eete Maison Huron - Maison Huron - G\u00eete Landes","robots":{"index":"index","follow":"follow","max-snippet":"max-snippet:-1","max-image-preview":"max-image-preview:large","max-video-preview":"max-video-preview:-1"},"canonical":"https:\/\/maison-huron-gite.fr\/?page_id=1502","og_locale":"fr_FR","og_type":"article","og_title":"Le G\u00eete Maison Huron - Maison Huron - G\u00eete Landes","og_description":"[vc_row][vc_column offset=\u00a0\u00bbvc_col-lg-offset-2 vc_col-lg-8 vc_col-md-offset-2 vc_col-md-8&Prime;][fleurdesel_heading title_size=\u00a0\u00bbDefault\u00a0\u00bb align=\u00a0\u00bbcenter\u00a0\u00bb title=\u00a0\u00bbPo\u00e9sie champ\u00eatre pour cette maison familiale\u00a0\u00bb subtitle=\u00a0\u00bbAU COEUR DES LANDES\u00a0\u00bb css=\u00a0\u00bb.vc_custom_1652484900660{margin-bottom: 40px !important;padding-top: 100px !important;}\u00a0\u00bb][vc_column_text css=\u00a0\u00bb.vc_custom_1652484961730{margin-bottom: 90px !important;padding-right: 30px !important;padding-left: 30px !important;}\u00a0\u00bb] s&rsquo;inventant une nouvelle vie, au confort certain \u00e0 seulement 13 Km d&rsquo;Eug\u00e9nie les bains [\/vc_column_text][\/vc_column][\/vc_row][vc_row css=\u00a0\u00bb.vc_custom_1491215321364{margin-bottom: 50px !important;}\u00a0\u00bb][vc_column][vc_single_image image=\u00a0\u00bb1764&Prime; img_size=\u00a0\u00bbfull\u00a0\u00bb alignment=\u00a0\u00bbcenter\u00a0\u00bb][\/vc_column][\/vc_row][vc_row css=\u00a0\u00bb.vc_custom_1491215365578{margin-bottom: 140px !important;}\u00a0\u00bb][vc_column offset=\u00a0\u00bbvc_col-lg-offset-1 vc_col-lg-10 [&hellip;]","og_url":"https:\/\/maison-huron-gite.fr\/?page_id=1502","og_site_name":"Maison Huron - G\u00eete Landes","article_publisher":"https:\/\/www.facebook.com\/maisonhuron","article_modified_time":"2022-07-01T07:08:04+00:00","twitter_card":"summary_large_image","twitter_misc":{"Dur\u00e9e de lecture estim\u00e9e":"6 minutes"},"schema":{"@context":"https:\/\/schema.org","@graph":[{"@type":"WebPage","@id":"https:\/\/maison-huron-gite.fr\/?page_id=1502","url":"https:\/\/maison-huron-gite.fr\/?page_id=1502","name":"Le G\u00eete Maison Huron - Maison Huron - G\u00eete Landes","isPartOf":{"@id":"https:\/\/maison-huron-gite.fr\/#website"},"datePublished":"2017-03-23T07:37:25+00:00","dateModified":"2022-07-01T07:08:04+00:00","breadcrumb":{"@id":"https:\/\/maison-huron-gite.fr\/?page_id=1502#breadcrumb"},"inLanguage":"fr-FR","potentialAction":[{"@type":"ReadAction","target":["https:\/\/maison-huron-gite.fr\/?page_id=1502"]}]},{"@type":"BreadcrumbList","@id":"https:\/\/maison-huron-gite.fr\/?page_id=1502#breadcrumb","itemListElement":[{"@type":"ListItem","position":1,"name":"Accueil","item":"https:\/\/maison-huron-gite.fr\/"},{"@type":"ListItem","position":2,"name":"Le G\u00eete Maison Huron"}]},{"@type":"WebSite","@id":"https:\/\/maison-huron-gite.fr\/#website","url":"https:\/\/maison-huron-gite.fr\/","name":"Maison Huron - G\u00eete Landes","description":"Au coeur des Landes 40","publisher":{"@id":"https:\/\/maison-huron-gite.fr\/#organization"},"potentialAction":[{"@type":"SearchAction","target":{"@type":"EntryPoint","urlTemplate":"https:\/\/maison-huron-gite.fr\/?s={search_term_string}"},"query-input":{"@type":"PropertyValueSpecification","valueRequired":true,"valueName":"search_term_string"}}],"inLanguage":"fr-FR"},{"@type":"Organization","@id":"https:\/\/maison-huron-gite.fr\/#organization","name":"Maison Huron","url":"https:\/\/maison-huron-gite.fr\/","logo":{"@type":"ImageObject","inLanguage":"fr-FR","@id":"https:\/\/maison-huron-gite.fr\/#\/schema\/logo\/image\/","url":"https:\/\/maison-huron-gite.fr\/wp-content\/uploads\/2022\/04\/logo-maisonhuron.png","contentUrl":"https:\/\/maison-huron-gite.fr\/wp-content\/uploads\/2022\/04\/logo-maisonhuron.png","width":221,"height":60,"caption":"Maison Huron"},"image":{"@id":"https:\/\/maison-huron-gite.fr\/#\/schema\/logo\/image\/"},"sameAs":["https:\/\/www.facebook.com\/maisonhuron"]}]}},"_links":{"self":[{"href":"https:\/\/maison-huron-gite.fr\/index.php?rest_route=\/wp\/v2\/pages\/1502","targetHints":{"allow":["GET"]}}],"collection":[{"href":"https:\/\/maison-huron-gite.fr\/index.php?rest_route=\/wp\/v2\/pages"}],"about":[{"href":"https:\/\/maison-huron-gite.fr\/index.php?rest_route=\/wp\/v2\/types\/page"}],"author":[{"embeddable":true,"href":"https:\/\/maison-huron-gite.fr\/index.php?rest_route=\/wp\/v2\/users\/1"}],"replies":[{"embeddable":true,"href":"https:\/\/maison-huron-gite.fr\/index.php?rest_route=%2Fwp%2Fv2%2Fcomments&post=1502"}],"version-history":[{"count":109,"href":"https:\/\/maison-huron-gite.fr\/index.php?rest_route=\/wp\/v2\/pages\/1502\/revisions"}],"predecessor-version":[{"id":2194,"href":"https:\/\/maison-huron-gite.fr\/index.php?rest_route=\/wp\/v2\/pages\/1502\/revisions\/2194"}],"wp:attachment":[{"href":"https:\/\/maison-huron-gite.fr\/index.php?rest_route=%2Fwp%2Fv2%2Fmedia&parent=1502"}],"curies":[{"name":"wp","href":"https:\/\/api.w.org\/{rel}","templated":true}]}}